{"id":298,"date":"2022-03-31T13:40:50","date_gmt":"2022-03-31T11:40:50","guid":{"rendered":"https:\/\/pve-urlaub.de\/rustserver\/?page_id=298"},"modified":"2022-03-31T16:25:51","modified_gmt":"2022-03-31T14:25:51","slug":"pvp-rust-server","status":"publish","type":"page","link":"https:\/\/pve-urlaub.de\/rustserver\/index.php\/pvp-rust-server\/","title":{"rendered":"PVP Rust Server"},"content":{"rendered":"\n<h2 class=\"wp-block-heading\">Hier k\u00f6nnt ihr gegeneinander spielen.<\/h2>\n\n\n\n<p><\/p>\n\n\n\n<p><\/p>\n\n\n\n<p>Urlaub-Vanilla : <a rel=\"noreferrer noopener\" href=\"27025\" target=\"_blank\">steam:\/\/connect\/93.186.199.60:27025<\/a><\/p>\n\n\n\n<p>Ab dem n\u00e4chsten Wipe wird der Vanilla Server 14 t\u00e4gisch gewipt !!!<\/p>\n\n\n\n<p>Wipe Termine f\u00fcr den Vanilla Server : 03.03. \/ 21.03. \/ 07.04. \/ 21.04. \/ 05.05. \/ 19.05. \/ 02.06. \/ 20.06. \/<\/p>\n\n\n\n<p><\/p>\n","protected":false},"excerpt":{"rendered":"<p>Hier k\u00f6nnt ihr gegeneinander spielen. Urlaub-Vanilla : steam:\/\/connect\/93.186.199.60:27025 Ab dem n\u00e4chsten Wipe wird der Vanilla Server 14 t\u00e4gisch gewipt !!! Wipe Termine f\u00fcr den Vanilla Server : 03.03. \/ 21.03. \/ 07.04. \/ 21.04. \/ 05.05. \/ 19.05. \/ 02.06. &hellip; <a href=\"https:\/\/pve-urlaub.de\/rustserver\/index.php\/pvp-rust-server\/\">Continued<\/a><\/p>\n","protected":false},"author":1,"featured_media":365,"parent":0,"menu_order":0,"comment_status":"closed","ping_status":"closed","template":"","meta":{"footnotes":""},"class_list":["post-298","page","type-page","status-publish","has-post-thumbnail","hentry"],"_links":{"self":[{"href":"https:\/\/pve-urlaub.de\/rustserver\/index.php\/wp-json\/wp\/v2\/pages\/298","targetHints":{"allow":["GET"]}}],"collection":[{"href":"https:\/\/pve-urlaub.de\/rustserver\/index.php\/wp-json\/wp\/v2\/pages"}],"about":[{"href":"https:\/\/pve-urlaub.de\/rustserver\/index.php\/wp-json\/wp\/v2\/types\/page"}],"author":[{"embeddable":true,"href":"https:\/\/pve-urlaub.de\/rustserver\/index.php\/wp-json\/wp\/v2\/users\/1"}],"replies":[{"embeddable":true,"href":"https:\/\/pve-urlaub.de\/rustserver\/index.php\/wp-json\/wp\/v2\/comments?post=298"}],"version-history":[{"count":3,"href":"https:\/\/pve-urlaub.de\/rustserver\/index.php\/wp-json\/wp\/v2\/pages\/298\/revisions"}],"predecessor-version":[{"id":334,"href":"https:\/\/pve-urlaub.de\/rustserver\/index.php\/wp-json\/wp\/v2\/pages\/298\/revisions\/334"}],"wp:featuredmedia":[{"embeddable":true,"href":"https:\/\/pve-urlaub.de\/rustserver\/index.php\/wp-json\/wp\/v2\/media\/365"}],"wp:attachment":[{"href":"https:\/\/pve-urlaub.de\/rustserver\/index.php\/wp-json\/wp\/v2\/media?parent=298"}],"curies":[{"name":"wp","href":"https:\/\/api.w.org\/{rel}","templated":true}]}}